{"id":15,"date":"2023-10-02T09:19:31","date_gmt":"2023-10-02T09:19:31","guid":{"rendered":"http:\/\/www.nomadelche.com\/?page_id=15"},"modified":"2023-10-02T09:33:10","modified_gmt":"2023-10-02T09:33:10","slug":"nomad-elche","status":"publish","type":"page","link":"https:\/\/www.nomadelche.com\/","title":{"rendered":"NOMAD Elche Hotel"},"content":{"rendered":"\n<p class=\"has-text-align-center\"><strong>APERTURA DICIEMBRE 2023<\/strong><\/p>\n\n\n\n<div class=\"wp-block-media-text is-stacked-on-mobile\"><figure class=\"wp-block-media-text__media\"><img fetchpriority=\"high\" decoding=\"async\" width=\"814\" height=\"1024\" src=\"http:\/\/www.nomadelche.com\/wp-content\/uploads\/2023\/10\/damian-ochrymowicz-AD1PC1knt9A-unsplash-814x1024.jpg\" alt=\"\" class=\"wp-image-25 size-full\" srcset=\"https:\/\/www.nomadelche.com\/wp-content\/uploads\/2023\/10\/damian-ochrymowicz-AD1PC1knt9A-unsplash-814x1024.jpg 814w, https:\/\/www.nomadelche.com\/wp-content\/uploads\/2023\/10\/damian-ochrymowicz-AD1PC1knt9A-unsplash-238x300.jpg 238w, https:\/\/www.nomadelche.com\/wp-content\/uploads\/2023\/10\/damian-ochrymowicz-AD1PC1knt9A-unsplash-768x966.jpg 768w, https:\/\/www.nomadelche.com\/wp-content\/uploads\/2023\/10\/damian-ochrymowicz-AD1PC1knt9A-unsplash-1221x1536.jpg 1221w, https:\/\/www.nomadelche.com\/wp-content\/uploads\/2023\/10\/damian-ochrymowicz-AD1PC1knt9A-unsplash-1628x2048.jpg 1628w, https:\/\/www.nomadelche.com\/wp-content\/uploads\/2023\/10\/damian-ochrymowicz-AD1PC1knt9A-unsplash-scaled.jpg 2035w\" sizes=\"(max-width: 814px) 100vw, 814px\" \/><\/figure><div class=\"wp-block-media-text__content\">\n<p>Llegar a tu nueva ciudad nunca fue tan sencillo gracias a NOMAD Elche, tu primer hogar en esta maravillosa localidad.<\/p>\n\n\n\n<p>Somos un hotel dise\u00f1ado espec\u00edficamente para los n\u00f3madas, aquellos que, tras una profunda reflexi\u00f3n, han elegido Elche como su nuevo lugar de residencia.<\/p>\n\n\n\n<p>Facilitamos cada paso del proceso; desde la reserva de tu habitaci\u00f3n, que puede ser por una semana o hasta tres meses, hasta brindarte apoyo en cuanto a tu movilidad y orientaci\u00f3n en la ciudad.<\/p>\n\n\n\n<p>En NOMAD, somos n\u00f3madas como t\u00fa. Conocemos el camino y estamos aqu\u00ed para acompa\u00f1arte en esta emocionante aventura.<\/p>\n\n\n\n<p>\u00a1Te esperamos con los brazos abiertos!<\/p>\n<\/div><\/div>\n\n\n\n<p><\/p>\n\n\n\n<p class=\"has-text-align-center\">NOMAD Elche Hotel &#8211; Calle Jose Gomez Mompean 32, bajo 2, 03206 &#8211; Elche<\/p>\n\n\n\n<p class=\"has-text-align-center\"><strong>hola@nomadelche.com<\/strong><\/p>\n","protected":false},"excerpt":{"rendered":"<p>APERTURA DICIEMBRE 2023 Llegar a tu nueva ciudad nunca fue tan sencillo gracias a NOMAD Elche, tu primer hogar en esta maravillosa localidad. Somos un hotel dise\u00f1ado espec\u00edficamente para los n\u00f3madas, aquellos que, tras una profunda reflexi\u00f3n, han elegido Elche como su nuevo lugar de residencia. Facilitamos cada paso del proceso; desde la reserva de [&hellip;]<\/p>\n","protected":false},"author":1,"featured_media":0,"parent":0,"menu_order":0,"comment_status":"closed","ping_status":"closed","template":"","meta":{"footnotes":""},"class_list":["post-15","page","type-page","status-publish","hentry"],"_links":{"self":[{"href":"https:\/\/www.nomadelche.com\/index.php\/wp-json\/wp\/v2\/pages\/15","targetHints":{"allow":["GET"]}}],"collection":[{"href":"https:\/\/www.nomadelche.com\/index.php\/wp-json\/wp\/v2\/pages"}],"about":[{"href":"https:\/\/www.nomadelche.com\/index.php\/wp-json\/wp\/v2\/types\/page"}],"author":[{"embeddable":true,"href":"https:\/\/www.nomadelche.com\/index.php\/wp-json\/wp\/v2\/users\/1"}],"replies":[{"embeddable":true,"href":"https:\/\/www.nomadelche.com\/index.php\/wp-json\/wp\/v2\/comments?post=15"}],"version-history":[{"count":4,"href":"https:\/\/www.nomadelche.com\/index.php\/wp-json\/wp\/v2\/pages\/15\/revisions"}],"predecessor-version":[{"id":26,"href":"https:\/\/www.nomadelche.com\/index.php\/wp-json\/wp\/v2\/pages\/15\/revisions\/26"}],"wp:attachment":[{"href":"https:\/\/www.nomadelche.com\/index.php\/wp-json\/wp\/v2\/media?parent=15"}],"curies":[{"name":"wp","href":"https:\/\/api.w.org\/{rel}","templated":true}]}}